{"id":527,"date":"2024-05-17T08:59:30","date_gmt":"2024-05-17T08:59:30","guid":{"rendered":"http:\/\/bambooenergy.tech\/?page_id=527"},"modified":"2024-05-17T09:08:42","modified_gmt":"2024-05-17T09:08:42","slug":"empresas","status":"publish","type":"page","link":"https:\/\/bambooenergy.tech\/en\/empresas\/","title":{"rendered":"Companies"},"content":{"rendered":"<p>At Bamboo Energy, we understand that efficient management of energy resources is essential to the success of any business. Our platform is specifically designed to help businesses identify, connect and monetise their energy flexibility, offering advanced solutions that optimise energy use and maximise profits.<\/p>","protected":false},"excerpt":{"rendered":"<p>At Bamboo Energy, we understand that efficient management of energy resources is essential to the success of any business. Our platform is specifically designed to help businesses identify, connect and monetise their energy flexibility, offering advanced solutions that optimise energy use and maximise profits.<\/p>","protected":false},"author":1,"featured_media":528,"parent":0,"menu_order":0,"comment_status":"closed","ping_status":"closed","template":"page-serveis.php","meta":{"_acf_changed":false,"footnotes":""},"class_list":["post-527","page","type-page","status-publish","has-post-thumbnail","hentry"],"acf":[],"yoast_head":"<!-- This site is optimized with the Yoast SEO plugin v27.5 - https:\/\/yoast.com\/product\/yoast-seo-wordpress\/ -->\n<title>Empresas - Bamboo Energy<\/title>\n<meta name=\"robots\" content=\"index, follow, max-snippet:-1, max-image-preview:large, max-video-preview:-1\" \/>\n<link rel=\"canonical\" href=\"https:\/\/bambooenergy.tech\/en\/empresas\/\" \/>\n<meta property=\"og:locale\" content=\"en_GB\" \/>\n<meta property=\"og:type\" content=\"article\" \/>\n<meta property=\"og:title\" content=\"Empresas - Bamboo Energy\" \/>\n<meta property=\"og:description\" content=\"En Bamboo Energy, entendemos que la gesti\u00f3n eficiente de los recursos energ\u00e9ticos es esencial para el \u00e9xito de cualquier empresa. Nuestra plataforma est\u00e1 dise\u00f1ada espec\u00edficamente para ayudar a las empresas a identificar, conectar y monetizar su flexibilidad energ\u00e9tica, ofreciendo soluciones avanzadas que optimizan el uso de energ\u00eda y maximizan los beneficios.\" \/>\n<meta property=\"og:url\" content=\"https:\/\/bambooenergy.tech\/en\/empresas\/\" \/>\n<meta property=\"og:site_name\" content=\"Bamboo Energy\" \/>\n<meta property=\"article:modified_time\" content=\"2024-05-17T09:08:42+00:00\" \/>\n<meta property=\"og:image\" content=\"https:\/\/bambooenergy.tech\/wp-content\/uploads\/2024\/05\/empresas.jpg\" \/>\n\t<meta property=\"og:image:width\" content=\"1920\" \/>\n\t<meta property=\"og:image:height\" content=\"948\" \/>\n\t<meta property=\"og:image:type\" content=\"image\/jpeg\" \/>\n<meta name=\"twitter:card\" content=\"summary_large_image\" \/>\n<meta name=\"twitter:label1\" content=\"Estimated reading time\" \/>\n\t<meta name=\"twitter:data1\" content=\"1 minute\" \/>\n<script type=\"application\/ld+json\" class=\"yoast-schema-graph\">{\"@context\":\"https:\\\/\\\/schema.org\",\"@graph\":[{\"@type\":\"WebPage\",\"@id\":\"https:\\\/\\\/bambooenergy.tech\\\/en\\\/empresas\\\/\",\"url\":\"https:\\\/\\\/bambooenergy.tech\\\/en\\\/empresas\\\/\",\"name\":\"Empresas - Bamboo Energy\",\"isPartOf\":{\"@id\":\"https:\\\/\\\/bambooenergy.tech\\\/en\\\/#website\"},\"primaryImageOfPage\":{\"@id\":\"https:\\\/\\\/bambooenergy.tech\\\/en\\\/empresas\\\/#primaryimage\"},\"image\":{\"@id\":\"https:\\\/\\\/bambooenergy.tech\\\/en\\\/empresas\\\/#primaryimage\"},\"thumbnailUrl\":\"https:\\\/\\\/bambooenergy.tech\\\/wp-content\\\/uploads\\\/2024\\\/05\\\/empresas.jpg\",\"datePublished\":\"2024-05-17T08:59:30+00:00\",\"dateModified\":\"2024-05-17T09:08:42+00:00\",\"breadcrumb\":{\"@id\":\"https:\\\/\\\/bambooenergy.tech\\\/en\\\/empresas\\\/#breadcrumb\"},\"inLanguage\":\"en-GB\",\"potentialAction\":[{\"@type\":\"ReadAction\",\"target\":[\"https:\\\/\\\/bambooenergy.tech\\\/en\\\/empresas\\\/\"]}]},{\"@type\":\"ImageObject\",\"inLanguage\":\"en-GB\",\"@id\":\"https:\\\/\\\/bambooenergy.tech\\\/en\\\/empresas\\\/#primaryimage\",\"url\":\"https:\\\/\\\/bambooenergy.tech\\\/wp-content\\\/uploads\\\/2024\\\/05\\\/empresas.jpg\",\"contentUrl\":\"https:\\\/\\\/bambooenergy.tech\\\/wp-content\\\/uploads\\\/2024\\\/05\\\/empresas.jpg\",\"width\":1920,\"height\":948},{\"@type\":\"BreadcrumbList\",\"@id\":\"https:\\\/\\\/bambooenergy.tech\\\/en\\\/empresas\\\/#breadcrumb\",\"itemListElement\":[{\"@type\":\"ListItem\",\"position\":1,\"name\":\"Inici\",\"item\":\"https:\\\/\\\/bambooenergy.tech\\\/en\\\/\"},{\"@type\":\"ListItem\",\"position\":2,\"name\":\"Empresas\"}]},{\"@type\":\"WebSite\",\"@id\":\"https:\\\/\\\/bambooenergy.tech\\\/en\\\/#website\",\"url\":\"https:\\\/\\\/bambooenergy.tech\\\/en\\\/\",\"name\":\"Bamboo Energy\",\"description\":\"Empowering your flexibility\",\"potentialAction\":[{\"@type\":\"SearchAction\",\"target\":{\"@type\":\"EntryPoint\",\"urlTemplate\":\"https:\\\/\\\/bambooenergy.tech\\\/en\\\/?s={search_term_string}\"},\"query-input\":{\"@type\":\"PropertyValueSpecification\",\"valueRequired\":true,\"valueName\":\"search_term_string\"}}],\"inLanguage\":\"en-GB\"}]}<\/script>\n<!-- \/ Yoast SEO plugin. -->","yoast_head_json":{"title":"Empresas - Bamboo Energy","robots":{"index":"index","follow":"follow","max-snippet":"max-snippet:-1","max-image-preview":"max-image-preview:large","max-video-preview":"max-video-preview:-1"},"canonical":"https:\/\/bambooenergy.tech\/en\/empresas\/","og_locale":"en_GB","og_type":"article","og_title":"Empresas - Bamboo Energy","og_description":"En Bamboo Energy, entendemos que la gesti\u00f3n eficiente de los recursos energ\u00e9ticos es esencial para el \u00e9xito de cualquier empresa. Nuestra plataforma est\u00e1 dise\u00f1ada espec\u00edficamente para ayudar a las empresas a identificar, conectar y monetizar su flexibilidad energ\u00e9tica, ofreciendo soluciones avanzadas que optimizan el uso de energ\u00eda y maximizan los beneficios.","og_url":"https:\/\/bambooenergy.tech\/en\/empresas\/","og_site_name":"Bamboo Energy","article_modified_time":"2024-05-17T09:08:42+00:00","og_image":[{"width":1920,"height":948,"url":"https:\/\/bambooenergy.tech\/wp-content\/uploads\/2024\/05\/empresas.jpg","type":"image\/jpeg"}],"twitter_card":"summary_large_image","twitter_misc":{"Estimated reading time":"1 minute"},"schema":{"@context":"https:\/\/schema.org","@graph":[{"@type":"WebPage","@id":"https:\/\/bambooenergy.tech\/en\/empresas\/","url":"https:\/\/bambooenergy.tech\/en\/empresas\/","name":"Empresas - Bamboo Energy","isPartOf":{"@id":"https:\/\/bambooenergy.tech\/en\/#website"},"primaryImageOfPage":{"@id":"https:\/\/bambooenergy.tech\/en\/empresas\/#primaryimage"},"image":{"@id":"https:\/\/bambooenergy.tech\/en\/empresas\/#primaryimage"},"thumbnailUrl":"https:\/\/bambooenergy.tech\/wp-content\/uploads\/2024\/05\/empresas.jpg","datePublished":"2024-05-17T08:59:30+00:00","dateModified":"2024-05-17T09:08:42+00:00","breadcrumb":{"@id":"https:\/\/bambooenergy.tech\/en\/empresas\/#breadcrumb"},"inLanguage":"en-GB","potentialAction":[{"@type":"ReadAction","target":["https:\/\/bambooenergy.tech\/en\/empresas\/"]}]},{"@type":"ImageObject","inLanguage":"en-GB","@id":"https:\/\/bambooenergy.tech\/en\/empresas\/#primaryimage","url":"https:\/\/bambooenergy.tech\/wp-content\/uploads\/2024\/05\/empresas.jpg","contentUrl":"https:\/\/bambooenergy.tech\/wp-content\/uploads\/2024\/05\/empresas.jpg","width":1920,"height":948},{"@type":"BreadcrumbList","@id":"https:\/\/bambooenergy.tech\/en\/empresas\/#breadcrumb","itemListElement":[{"@type":"ListItem","position":1,"name":"Inici","item":"https:\/\/bambooenergy.tech\/en\/"},{"@type":"ListItem","position":2,"name":"Empresas"}]},{"@type":"WebSite","@id":"https:\/\/bambooenergy.tech\/en\/#website","url":"https:\/\/bambooenergy.tech\/en\/","name":"Bamboo Energy","description":"Empowering your flexibility","potentialAction":[{"@type":"SearchAction","target":{"@type":"EntryPoint","urlTemplate":"https:\/\/bambooenergy.tech\/en\/?s={search_term_string}"},"query-input":{"@type":"PropertyValueSpecification","valueRequired":true,"valueName":"search_term_string"}}],"inLanguage":"en-GB"}]}},"_links":{"self":[{"href":"https:\/\/bambooenergy.tech\/en\/wp-json\/wp\/v2\/pages\/527","targetHints":{"allow":["GET"]}}],"collection":[{"href":"https:\/\/bambooenergy.tech\/en\/wp-json\/wp\/v2\/pages"}],"about":[{"href":"https:\/\/bambooenergy.tech\/en\/wp-json\/wp\/v2\/types\/page"}],"author":[{"embeddable":true,"href":"https:\/\/bambooenergy.tech\/en\/wp-json\/wp\/v2\/users\/1"}],"replies":[{"embeddable":true,"href":"https:\/\/bambooenergy.tech\/en\/wp-json\/wp\/v2\/comments?post=527"}],"version-history":[{"count":3,"href":"https:\/\/bambooenergy.tech\/en\/wp-json\/wp\/v2\/pages\/527\/revisions"}],"predecessor-version":[{"id":531,"href":"https:\/\/bambooenergy.tech\/en\/wp-json\/wp\/v2\/pages\/527\/revisions\/531"}],"wp:featuredmedia":[{"embeddable":true,"href":"https:\/\/bambooenergy.tech\/en\/wp-json\/wp\/v2\/media\/528"}],"wp:attachment":[{"href":"https:\/\/bambooenergy.tech\/en\/wp-json\/wp\/v2\/media?parent=527"}],"curies":[{"name":"wp","href":"https:\/\/api.w.org\/{rel}","templated":true}]}}