{"id":484,"date":"2024-05-14T09:58:28","date_gmt":"2024-05-14T09:58:28","guid":{"rendered":"http:\/\/bambooenergy.tech\/?page_id=484"},"modified":"2026-03-13T10:44:34","modified_gmt":"2026-03-13T10:44:34","slug":"bamboo-platform","status":"publish","type":"page","link":"https:\/\/bambooenergy.tech\/en\/bamboo-platform\/","title":{"rendered":"Bamboo Platform"},"content":{"rendered":"<p><strong>Our platform<\/strong> provides an end-to-end solution for managing the entire flexibility value chain for retailers and aggregators, including flexibility forecasting and optimization, daily trading, and real-time flexibility operations.<\/p>\n<p class=\"elementor-heading-title elementor-size-default\"><strong>Modular Architecture:<\/strong><br \/>\nAdaptable, flexible, and versatile. Our platform seamlessly adapts to specific client requirements and regulatory frameworks, minimizing customization efforts and accelerating deployment.<\/p>\n<p class=\"elementor-heading-title elementor-size-default\"><strong>Artificial Intelligence:<\/strong><br \/>\nPowered by an AI core. Our advanced intelligence layer enables tailor-made solutions that optimize performance while significantly reducing operational costs.<\/p>\n<p class=\"elementor-heading-title elementor-size-default\"><strong>Flexibility management:<\/strong><br \/>\nCapable of managing all DER and flexibility assets. Maximises flexibility exploitation with minimal investment.<\/p>\n<p>&nbsp;<\/p>","protected":false},"excerpt":{"rendered":"<p>Nuestra plataforma ofrece una soluci\u00f3n para administrar toda la cadena de valor de la flexibilidad para minoristas y agregadores, incluida la previsi\u00f3n y optimizaci\u00f3n de la flexibilidad, el comercio diario y la operaci\u00f3n de flexibilidad en tiempo real. Arquitectura Modular: Arquitectura modular (adaptable \/ flexible) y plataforma vers\u00e1til. Somos capaces de adaptarnos a los requisitos [&hellip;]<\/p>","protected":false},"author":1,"featured_media":489,"parent":0,"menu_order":0,"comment_status":"closed","ping_status":"closed","template":"page-plataforma.php","meta":{"_acf_changed":false,"footnotes":""},"class_list":["post-484","page","type-page","status-publish","has-post-thumbnail","hentry"],"acf":[],"yoast_head":"<!-- This site is optimized with the Yoast SEO plugin v26.8 - https:\/\/yoast.com\/product\/yoast-seo-wordpress\/ -->\n<title>Bamboo Platform - Bamboo Energy<\/title>\n<meta name=\"robots\" content=\"index, follow, max-snippet:-1, max-image-preview:large, max-video-preview:-1\" \/>\n<link rel=\"canonical\" href=\"https:\/\/bambooenergy.tech\/en\/bamboo-platform\/\" \/>\n<meta property=\"og:locale\" content=\"en_GB\" \/>\n<meta property=\"og:type\" content=\"article\" \/>\n<meta property=\"og:title\" content=\"Bamboo Platform - Bamboo Energy\" \/>\n<meta property=\"og:description\" content=\"Nuestra plataforma ofrece una soluci\u00f3n para administrar toda la cadena de valor de la flexibilidad para minoristas y agregadores, incluida la previsi\u00f3n y optimizaci\u00f3n de la flexibilidad, el comercio diario y la operaci\u00f3n de flexibilidad en tiempo real. Arquitectura Modular: Arquitectura modular (adaptable \/ flexible) y plataforma vers\u00e1til. Somos capaces de adaptarnos a los requisitos [&hellip;]\" \/>\n<meta property=\"og:url\" content=\"https:\/\/bambooenergy.tech\/en\/bamboo-platform\/\" \/>\n<meta property=\"og:site_name\" content=\"Bamboo Energy\" \/>\n<meta property=\"article:modified_time\" content=\"2026-03-13T10:44:34+00:00\" \/>\n<meta property=\"og:image\" content=\"http:\/\/bambooenergy.tech\/wp-content\/uploads\/2024\/05\/plataforma-2.jpg\" \/>\n\t<meta property=\"og:image:width\" content=\"1920\" \/>\n\t<meta property=\"og:image:height\" content=\"948\" \/>\n\t<meta property=\"og:image:type\" content=\"image\/jpeg\" \/>\n<meta name=\"twitter:card\" content=\"summary_large_image\" \/>\n<meta name=\"twitter:label1\" content=\"Estimated reading time\" \/>\n\t<meta name=\"twitter:data1\" content=\"1 minute\" \/>\n<script type=\"application\/ld+json\" class=\"yoast-schema-graph\">{\"@context\":\"https:\/\/schema.org\",\"@graph\":[{\"@type\":\"WebPage\",\"@id\":\"https:\/\/bambooenergy.tech\/bamboo-platform\/\",\"url\":\"https:\/\/bambooenergy.tech\/bamboo-platform\/\",\"name\":\"Bamboo Platform - Bamboo Energy\",\"isPartOf\":{\"@id\":\"https:\/\/bambooenergy.tech\/en\/#website\"},\"primaryImageOfPage\":{\"@id\":\"https:\/\/bambooenergy.tech\/bamboo-platform\/#primaryimage\"},\"image\":{\"@id\":\"https:\/\/bambooenergy.tech\/bamboo-platform\/#primaryimage\"},\"thumbnailUrl\":\"https:\/\/bambooenergy.tech\/wp-content\/uploads\/2024\/05\/plataforma-2.jpg\",\"datePublished\":\"2024-05-14T09:58:28+00:00\",\"dateModified\":\"2026-03-13T10:44:34+00:00\",\"breadcrumb\":{\"@id\":\"https:\/\/bambooenergy.tech\/bamboo-platform\/#breadcrumb\"},\"inLanguage\":\"en-GB\",\"potentialAction\":[{\"@type\":\"ReadAction\",\"target\":[\"https:\/\/bambooenergy.tech\/bamboo-platform\/\"]}]},{\"@type\":\"ImageObject\",\"inLanguage\":\"en-GB\",\"@id\":\"https:\/\/bambooenergy.tech\/bamboo-platform\/#primaryimage\",\"url\":\"https:\/\/bambooenergy.tech\/wp-content\/uploads\/2024\/05\/plataforma-2.jpg\",\"contentUrl\":\"https:\/\/bambooenergy.tech\/wp-content\/uploads\/2024\/05\/plataforma-2.jpg\",\"width\":1920,\"height\":948},{\"@type\":\"BreadcrumbList\",\"@id\":\"https:\/\/bambooenergy.tech\/bamboo-platform\/#breadcrumb\",\"itemListElement\":[{\"@type\":\"ListItem\",\"position\":1,\"name\":\"Inici\",\"item\":\"https:\/\/bambooenergy.tech\/en\/\"},{\"@type\":\"ListItem\",\"position\":2,\"name\":\"Bamboo Platform\"}]},{\"@type\":\"WebSite\",\"@id\":\"https:\/\/bambooenergy.tech\/en\/#website\",\"url\":\"https:\/\/bambooenergy.tech\/en\/\",\"name\":\"Bamboo Energy\",\"description\":\"Empowering your flexibility\",\"potentialAction\":[{\"@type\":\"SearchAction\",\"target\":{\"@type\":\"EntryPoint\",\"urlTemplate\":\"https:\/\/bambooenergy.tech\/en\/?s={search_term_string}\"},\"query-input\":{\"@type\":\"PropertyValueSpecification\",\"valueRequired\":true,\"valueName\":\"search_term_string\"}}],\"inLanguage\":\"en-GB\"}]}<\/script>\n<!-- \/ Yoast SEO plugin. -->","yoast_head_json":{"title":"Bamboo Platform - Bamboo Energy","robots":{"index":"index","follow":"follow","max-snippet":"max-snippet:-1","max-image-preview":"max-image-preview:large","max-video-preview":"max-video-preview:-1"},"canonical":"https:\/\/bambooenergy.tech\/en\/bamboo-platform\/","og_locale":"en_GB","og_type":"article","og_title":"Bamboo Platform - Bamboo Energy","og_description":"Nuestra plataforma ofrece una soluci\u00f3n para administrar toda la cadena de valor de la flexibilidad para minoristas y agregadores, incluida la previsi\u00f3n y optimizaci\u00f3n de la flexibilidad, el comercio diario y la operaci\u00f3n de flexibilidad en tiempo real. Arquitectura Modular: Arquitectura modular (adaptable \/ flexible) y plataforma vers\u00e1til. Somos capaces de adaptarnos a los requisitos [&hellip;]","og_url":"https:\/\/bambooenergy.tech\/en\/bamboo-platform\/","og_site_name":"Bamboo Energy","article_modified_time":"2026-03-13T10:44:34+00:00","og_image":[{"width":1920,"height":948,"url":"http:\/\/bambooenergy.tech\/wp-content\/uploads\/2024\/05\/plataforma-2.jpg","type":"image\/jpeg"}],"twitter_card":"summary_large_image","twitter_misc":{"Estimated reading time":"1 minute"},"schema":{"@context":"https:\/\/schema.org","@graph":[{"@type":"WebPage","@id":"https:\/\/bambooenergy.tech\/bamboo-platform\/","url":"https:\/\/bambooenergy.tech\/bamboo-platform\/","name":"Bamboo Platform - Bamboo Energy","isPartOf":{"@id":"https:\/\/bambooenergy.tech\/en\/#website"},"primaryImageOfPage":{"@id":"https:\/\/bambooenergy.tech\/bamboo-platform\/#primaryimage"},"image":{"@id":"https:\/\/bambooenergy.tech\/bamboo-platform\/#primaryimage"},"thumbnailUrl":"https:\/\/bambooenergy.tech\/wp-content\/uploads\/2024\/05\/plataforma-2.jpg","datePublished":"2024-05-14T09:58:28+00:00","dateModified":"2026-03-13T10:44:34+00:00","breadcrumb":{"@id":"https:\/\/bambooenergy.tech\/bamboo-platform\/#breadcrumb"},"inLanguage":"en-GB","potentialAction":[{"@type":"ReadAction","target":["https:\/\/bambooenergy.tech\/bamboo-platform\/"]}]},{"@type":"ImageObject","inLanguage":"en-GB","@id":"https:\/\/bambooenergy.tech\/bamboo-platform\/#primaryimage","url":"https:\/\/bambooenergy.tech\/wp-content\/uploads\/2024\/05\/plataforma-2.jpg","contentUrl":"https:\/\/bambooenergy.tech\/wp-content\/uploads\/2024\/05\/plataforma-2.jpg","width":1920,"height":948},{"@type":"BreadcrumbList","@id":"https:\/\/bambooenergy.tech\/bamboo-platform\/#breadcrumb","itemListElement":[{"@type":"ListItem","position":1,"name":"Inici","item":"https:\/\/bambooenergy.tech\/en\/"},{"@type":"ListItem","position":2,"name":"Bamboo Platform"}]},{"@type":"WebSite","@id":"https:\/\/bambooenergy.tech\/en\/#website","url":"https:\/\/bambooenergy.tech\/en\/","name":"Bamboo Energy","description":"Empowering your flexibility","potentialAction":[{"@type":"SearchAction","target":{"@type":"EntryPoint","urlTemplate":"https:\/\/bambooenergy.tech\/en\/?s={search_term_string}"},"query-input":{"@type":"PropertyValueSpecification","valueRequired":true,"valueName":"search_term_string"}}],"inLanguage":"en-GB"}]}},"_links":{"self":[{"href":"https:\/\/bambooenergy.tech\/en\/wp-json\/wp\/v2\/pages\/484","targetHints":{"allow":["GET"]}}],"collection":[{"href":"https:\/\/bambooenergy.tech\/en\/wp-json\/wp\/v2\/pages"}],"about":[{"href":"https:\/\/bambooenergy.tech\/en\/wp-json\/wp\/v2\/types\/page"}],"author":[{"embeddable":true,"href":"https:\/\/bambooenergy.tech\/en\/wp-json\/wp\/v2\/users\/1"}],"replies":[{"embeddable":true,"href":"https:\/\/bambooenergy.tech\/en\/wp-json\/wp\/v2\/comments?post=484"}],"version-history":[{"count":29,"href":"https:\/\/bambooenergy.tech\/en\/wp-json\/wp\/v2\/pages\/484\/revisions"}],"predecessor-version":[{"id":17788,"href":"https:\/\/bambooenergy.tech\/en\/wp-json\/wp\/v2\/pages\/484\/revisions\/17788"}],"wp:featuredmedia":[{"embeddable":true,"href":"https:\/\/bambooenergy.tech\/en\/wp-json\/wp\/v2\/media\/489"}],"wp:attachment":[{"href":"https:\/\/bambooenergy.tech\/en\/wp-json\/wp\/v2\/media?parent=484"}],"curies":[{"name":"wp","href":"https:\/\/api.w.org\/{rel}","templated":true}]}}