{"id":248,"date":"2024-01-04T10:25:12","date_gmt":"2024-01-04T10:25:12","guid":{"rendered":"http:\/\/bambooenergy.tech\/nova\/?page_id=248"},"modified":"2026-01-28T11:18:50","modified_gmt":"2026-01-28T11:18:50","slug":"nosotros","status":"publish","type":"page","link":"https:\/\/bambooenergy.tech\/en\/nosotros\/","title":{"rendered":"About us"},"content":{"rendered":"<p><span style=\"font-weight: 400;\">Energy flexibility enables efficient adaptation to shifts in electricity supply and demand. This requires integrating renewable energy, managing loads, utilizing energy storage, and implementing demand aggregation\u2014combining multiple consumption points to optimize resources. This is the only way to stabilize the grid, reduce operating costs, and meet the emerging challenges of a dynamic and sustainable power system.<\/span><\/p>","protected":false},"excerpt":{"rendered":"<p>La flexibilidad energ\u00e9tica permite la adaptaci\u00f3n eficiente a los cambios en la oferta y demanda de electricidad. Para ello es necesario integrar energ\u00edas renovables, gestionar la carga, almacenar energ\u00eda y aplicar la agregaci\u00f3n de la demanda, combinando m\u00faltiples consumos para optimizar recursos. Solo as\u00ed se consigue estabilizar la red, reducir costes operativos y enfrentar los [&hellip;]<\/p>","protected":false},"author":1,"featured_media":445,"parent":0,"menu_order":0,"comment_status":"closed","ping_status":"closed","template":"page-quisom.php","meta":{"_acf_changed":false,"footnotes":""},"class_list":["post-248","page","type-page","status-publish","has-post-thumbnail","hentry"],"acf":[],"yoast_head":"<!-- This site is optimized with the Yoast SEO plugin v26.8 - https:\/\/yoast.com\/product\/yoast-seo-wordpress\/ -->\n<title>Nosotros - Bamboo Energy<\/title>\n<meta name=\"robots\" content=\"index, follow, max-snippet:-1, max-image-preview:large, max-video-preview:-1\" \/>\n<link rel=\"canonical\" href=\"https:\/\/bambooenergy.tech\/en\/nosotros\/\" \/>\n<meta property=\"og:locale\" content=\"en_GB\" \/>\n<meta property=\"og:type\" content=\"article\" \/>\n<meta property=\"og:title\" content=\"Nosotros - Bamboo Energy\" \/>\n<meta property=\"og:description\" content=\"La flexibilidad energ\u00e9tica permite la adaptaci\u00f3n eficiente a los cambios en la oferta y demanda de electricidad. Para ello es necesario integrar energ\u00edas renovables, gestionar la carga, almacenar energ\u00eda y aplicar la agregaci\u00f3n de la demanda, combinando m\u00faltiples consumos para optimizar recursos. Solo as\u00ed se consigue estabilizar la red, reducir costes operativos y enfrentar los [&hellip;]\" \/>\n<meta property=\"og:url\" content=\"https:\/\/bambooenergy.tech\/en\/nosotros\/\" \/>\n<meta property=\"og:site_name\" content=\"Bamboo Energy\" \/>\n<meta property=\"article:modified_time\" content=\"2026-01-28T11:18:50+00:00\" \/>\n<meta property=\"og:image\" content=\"http:\/\/bambooenergy.tech\/wp-content\/uploads\/2024\/04\/quisom-2.jpg\" \/>\n\t<meta property=\"og:image:width\" content=\"1920\" \/>\n\t<meta property=\"og:image:height\" content=\"948\" \/>\n\t<meta property=\"og:image:type\" content=\"image\/jpeg\" \/>\n<meta name=\"twitter:card\" content=\"summary_large_image\" \/>\n<meta name=\"twitter:label1\" content=\"Estimated reading time\" \/>\n\t<meta name=\"twitter:data1\" content=\"1 minute\" \/>\n<script type=\"application\/ld+json\" class=\"yoast-schema-graph\">{\"@context\":\"https:\/\/schema.org\",\"@graph\":[{\"@type\":\"WebPage\",\"@id\":\"https:\/\/bambooenergy.tech\/nosotros\/\",\"url\":\"https:\/\/bambooenergy.tech\/nosotros\/\",\"name\":\"Nosotros - Bamboo Energy\",\"isPartOf\":{\"@id\":\"https:\/\/bambooenergy.tech\/en\/#website\"},\"primaryImageOfPage\":{\"@id\":\"https:\/\/bambooenergy.tech\/nosotros\/#primaryimage\"},\"image\":{\"@id\":\"https:\/\/bambooenergy.tech\/nosotros\/#primaryimage\"},\"thumbnailUrl\":\"https:\/\/bambooenergy.tech\/wp-content\/uploads\/2024\/04\/quisom-2.jpg\",\"datePublished\":\"2024-01-04T10:25:12+00:00\",\"dateModified\":\"2026-01-28T11:18:50+00:00\",\"breadcrumb\":{\"@id\":\"https:\/\/bambooenergy.tech\/nosotros\/#breadcrumb\"},\"inLanguage\":\"en-GB\",\"potentialAction\":[{\"@type\":\"ReadAction\",\"target\":[\"https:\/\/bambooenergy.tech\/nosotros\/\"]}]},{\"@type\":\"ImageObject\",\"inLanguage\":\"en-GB\",\"@id\":\"https:\/\/bambooenergy.tech\/nosotros\/#primaryimage\",\"url\":\"https:\/\/bambooenergy.tech\/wp-content\/uploads\/2024\/04\/quisom-2.jpg\",\"contentUrl\":\"https:\/\/bambooenergy.tech\/wp-content\/uploads\/2024\/04\/quisom-2.jpg\",\"width\":1920,\"height\":948},{\"@type\":\"BreadcrumbList\",\"@id\":\"https:\/\/bambooenergy.tech\/nosotros\/#breadcrumb\",\"itemListElement\":[{\"@type\":\"ListItem\",\"position\":1,\"name\":\"Inici\",\"item\":\"https:\/\/bambooenergy.tech\/en\/\"},{\"@type\":\"ListItem\",\"position\":2,\"name\":\"Nosotros\"}]},{\"@type\":\"WebSite\",\"@id\":\"https:\/\/bambooenergy.tech\/en\/#website\",\"url\":\"https:\/\/bambooenergy.tech\/en\/\",\"name\":\"Bamboo Energy\",\"description\":\"Empowering your flexibility\",\"potentialAction\":[{\"@type\":\"SearchAction\",\"target\":{\"@type\":\"EntryPoint\",\"urlTemplate\":\"https:\/\/bambooenergy.tech\/en\/?s={search_term_string}\"},\"query-input\":{\"@type\":\"PropertyValueSpecification\",\"valueRequired\":true,\"valueName\":\"search_term_string\"}}],\"inLanguage\":\"en-GB\"}]}<\/script>\n<!-- \/ Yoast SEO plugin. -->","yoast_head_json":{"title":"Nosotros - Bamboo Energy","robots":{"index":"index","follow":"follow","max-snippet":"max-snippet:-1","max-image-preview":"max-image-preview:large","max-video-preview":"max-video-preview:-1"},"canonical":"https:\/\/bambooenergy.tech\/en\/nosotros\/","og_locale":"en_GB","og_type":"article","og_title":"Nosotros - Bamboo Energy","og_description":"La flexibilidad energ\u00e9tica permite la adaptaci\u00f3n eficiente a los cambios en la oferta y demanda de electricidad. Para ello es necesario integrar energ\u00edas renovables, gestionar la carga, almacenar energ\u00eda y aplicar la agregaci\u00f3n de la demanda, combinando m\u00faltiples consumos para optimizar recursos. Solo as\u00ed se consigue estabilizar la red, reducir costes operativos y enfrentar los [&hellip;]","og_url":"https:\/\/bambooenergy.tech\/en\/nosotros\/","og_site_name":"Bamboo Energy","article_modified_time":"2026-01-28T11:18:50+00:00","og_image":[{"width":1920,"height":948,"url":"http:\/\/bambooenergy.tech\/wp-content\/uploads\/2024\/04\/quisom-2.jpg","type":"image\/jpeg"}],"twitter_card":"summary_large_image","twitter_misc":{"Estimated reading time":"1 minute"},"schema":{"@context":"https:\/\/schema.org","@graph":[{"@type":"WebPage","@id":"https:\/\/bambooenergy.tech\/nosotros\/","url":"https:\/\/bambooenergy.tech\/nosotros\/","name":"Nosotros - Bamboo Energy","isPartOf":{"@id":"https:\/\/bambooenergy.tech\/en\/#website"},"primaryImageOfPage":{"@id":"https:\/\/bambooenergy.tech\/nosotros\/#primaryimage"},"image":{"@id":"https:\/\/bambooenergy.tech\/nosotros\/#primaryimage"},"thumbnailUrl":"https:\/\/bambooenergy.tech\/wp-content\/uploads\/2024\/04\/quisom-2.jpg","datePublished":"2024-01-04T10:25:12+00:00","dateModified":"2026-01-28T11:18:50+00:00","breadcrumb":{"@id":"https:\/\/bambooenergy.tech\/nosotros\/#breadcrumb"},"inLanguage":"en-GB","potentialAction":[{"@type":"ReadAction","target":["https:\/\/bambooenergy.tech\/nosotros\/"]}]},{"@type":"ImageObject","inLanguage":"en-GB","@id":"https:\/\/bambooenergy.tech\/nosotros\/#primaryimage","url":"https:\/\/bambooenergy.tech\/wp-content\/uploads\/2024\/04\/quisom-2.jpg","contentUrl":"https:\/\/bambooenergy.tech\/wp-content\/uploads\/2024\/04\/quisom-2.jpg","width":1920,"height":948},{"@type":"BreadcrumbList","@id":"https:\/\/bambooenergy.tech\/nosotros\/#breadcrumb","itemListElement":[{"@type":"ListItem","position":1,"name":"Inici","item":"https:\/\/bambooenergy.tech\/en\/"},{"@type":"ListItem","position":2,"name":"Nosotros"}]},{"@type":"WebSite","@id":"https:\/\/bambooenergy.tech\/en\/#website","url":"https:\/\/bambooenergy.tech\/en\/","name":"Bamboo Energy","description":"Empowering your flexibility","potentialAction":[{"@type":"SearchAction","target":{"@type":"EntryPoint","urlTemplate":"https:\/\/bambooenergy.tech\/en\/?s={search_term_string}"},"query-input":{"@type":"PropertyValueSpecification","valueRequired":true,"valueName":"search_term_string"}}],"inLanguage":"en-GB"}]}},"_links":{"self":[{"href":"https:\/\/bambooenergy.tech\/en\/wp-json\/wp\/v2\/pages\/248","targetHints":{"allow":["GET"]}}],"collection":[{"href":"https:\/\/bambooenergy.tech\/en\/wp-json\/wp\/v2\/pages"}],"about":[{"href":"https:\/\/bambooenergy.tech\/en\/wp-json\/wp\/v2\/types\/page"}],"author":[{"embeddable":true,"href":"https:\/\/bambooenergy.tech\/en\/wp-json\/wp\/v2\/users\/1"}],"replies":[{"embeddable":true,"href":"https:\/\/bambooenergy.tech\/en\/wp-json\/wp\/v2\/comments?post=248"}],"version-history":[{"count":32,"href":"https:\/\/bambooenergy.tech\/en\/wp-json\/wp\/v2\/pages\/248\/revisions"}],"predecessor-version":[{"id":390,"href":"https:\/\/bambooenergy.tech\/en\/wp-json\/wp\/v2\/pages\/248\/revisions\/390"}],"wp:featuredmedia":[{"embeddable":true,"href":"https:\/\/bambooenergy.tech\/en\/wp-json\/wp\/v2\/media\/445"}],"wp:attachment":[{"href":"https:\/\/bambooenergy.tech\/en\/wp-json\/wp\/v2\/media?parent=248"}],"curies":[{"name":"wp","href":"https:\/\/api.w.org\/{rel}","templated":true}]}}