{"id":17693,"date":"2025-12-16T10:16:34","date_gmt":"2025-12-16T10:16:34","guid":{"rendered":"http:\/\/bambooenergy.tech\/?page_id=17693"},"modified":"2026-03-13T10:45:53","modified_gmt":"2026-03-13T10:45:53","slug":"bamboo-flex","status":"publish","type":"page","link":"https:\/\/bambooenergy.tech\/en\/bamboo-flex\/","title":{"rendered":"Bamboo Flex"},"content":{"rendered":"<p>As <strong data-start=\"308\" data-end=\"329\">energy consultant<\/strong> o <strong data-start=\"332\" data-end=\"351\">retailer<\/strong>, you can offer innovative products thanks to our technology.<br data-start=\"411\" data-end=\"414\" \/><strong data-start=\"414\" data-end=\"463\">Reduce your customers' energy costs<\/strong> without affecting their processes.<\/p>","protected":false},"excerpt":{"rendered":"<p>As an energy advisor or marketer, you can offer innovative products thanks to our technology and reduce your customers' energy costs without affecting their processes.<\/p>","protected":false},"author":1,"featured_media":17710,"parent":0,"menu_order":0,"comment_status":"closed","ping_status":"closed","template":"page-flex.php","meta":{"_acf_changed":false,"footnotes":""},"class_list":["post-17693","page","type-page","status-publish","has-post-thumbnail","hentry"],"acf":[],"yoast_head":"<!-- This site is optimized with the Yoast SEO plugin v26.8 - https:\/\/yoast.com\/product\/yoast-seo-wordpress\/ -->\n<title>Bamboo Flex - Bamboo Energy<\/title>\n<meta name=\"robots\" content=\"index, follow, max-snippet:-1, max-image-preview:large, max-video-preview:-1\" \/>\n<link rel=\"canonical\" href=\"https:\/\/bambooenergy.tech\/en\/bamboo-flex\/\" \/>\n<meta property=\"og:locale\" content=\"en_GB\" \/>\n<meta property=\"og:type\" content=\"article\" \/>\n<meta property=\"og:title\" content=\"Bamboo Flex - Bamboo Energy\" \/>\n<meta property=\"og:description\" content=\"Como asesor energ\u00e9tico o comercializador, puedes ofrecer productos innovadores gracias a nuestra tecnolog\u00eda.Reduce los costes energ\u00e9ticos de tus clientes sin afectar a sus procesos.\" \/>\n<meta property=\"og:url\" content=\"https:\/\/bambooenergy.tech\/en\/bamboo-flex\/\" \/>\n<meta property=\"og:site_name\" content=\"Bamboo Energy\" \/>\n<meta property=\"article:modified_time\" content=\"2026-03-13T10:45:53+00:00\" \/>\n<meta property=\"og:image\" content=\"http:\/\/bambooenergy.tech\/wp-content\/uploads\/2025\/12\/Bamboo-28042025-61-1-scaled-e1765890525518.jpg\" \/>\n\t<meta property=\"og:image:width\" content=\"1920\" \/>\n\t<meta property=\"og:image:height\" content=\"925\" \/>\n\t<meta property=\"og:image:type\" content=\"image\/jpeg\" \/>\n<meta name=\"twitter:card\" content=\"summary_large_image\" \/>\n<meta name=\"twitter:label1\" content=\"Estimated reading time\" \/>\n\t<meta name=\"twitter:data1\" content=\"1 minute\" \/>\n<script type=\"application\/ld+json\" class=\"yoast-schema-graph\">{\"@context\":\"https:\/\/schema.org\",\"@graph\":[{\"@type\":\"WebPage\",\"@id\":\"https:\/\/bambooenergy.tech\/bamboo-flex\/\",\"url\":\"https:\/\/bambooenergy.tech\/bamboo-flex\/\",\"name\":\"Bamboo Flex - Bamboo Energy\",\"isPartOf\":{\"@id\":\"https:\/\/bambooenergy.tech\/en\/#website\"},\"primaryImageOfPage\":{\"@id\":\"https:\/\/bambooenergy.tech\/bamboo-flex\/#primaryimage\"},\"image\":{\"@id\":\"https:\/\/bambooenergy.tech\/bamboo-flex\/#primaryimage\"},\"thumbnailUrl\":\"https:\/\/bambooenergy.tech\/wp-content\/uploads\/2025\/12\/Bamboo-28042025-61-1-scaled-e1765890525518.jpg\",\"datePublished\":\"2025-12-16T10:16:34+00:00\",\"dateModified\":\"2026-03-13T10:45:53+00:00\",\"breadcrumb\":{\"@id\":\"https:\/\/bambooenergy.tech\/bamboo-flex\/#breadcrumb\"},\"inLanguage\":\"en-GB\",\"potentialAction\":[{\"@type\":\"ReadAction\",\"target\":[\"https:\/\/bambooenergy.tech\/bamboo-flex\/\"]}]},{\"@type\":\"ImageObject\",\"inLanguage\":\"en-GB\",\"@id\":\"https:\/\/bambooenergy.tech\/bamboo-flex\/#primaryimage\",\"url\":\"https:\/\/bambooenergy.tech\/wp-content\/uploads\/2025\/12\/Bamboo-28042025-61-1-scaled-e1765890525518.jpg\",\"contentUrl\":\"https:\/\/bambooenergy.tech\/wp-content\/uploads\/2025\/12\/Bamboo-28042025-61-1-scaled-e1765890525518.jpg\",\"width\":1920,\"height\":925},{\"@type\":\"BreadcrumbList\",\"@id\":\"https:\/\/bambooenergy.tech\/bamboo-flex\/#breadcrumb\",\"itemListElement\":[{\"@type\":\"ListItem\",\"position\":1,\"name\":\"Inici\",\"item\":\"https:\/\/bambooenergy.tech\/en\/\"},{\"@type\":\"ListItem\",\"position\":2,\"name\":\"Bamboo Flex\"}]},{\"@type\":\"WebSite\",\"@id\":\"https:\/\/bambooenergy.tech\/en\/#website\",\"url\":\"https:\/\/bambooenergy.tech\/en\/\",\"name\":\"Bamboo Energy\",\"description\":\"Empowering your flexibility\",\"potentialAction\":[{\"@type\":\"SearchAction\",\"target\":{\"@type\":\"EntryPoint\",\"urlTemplate\":\"https:\/\/bambooenergy.tech\/en\/?s={search_term_string}\"},\"query-input\":{\"@type\":\"PropertyValueSpecification\",\"valueRequired\":true,\"valueName\":\"search_term_string\"}}],\"inLanguage\":\"en-GB\"}]}<\/script>\n<!-- \/ Yoast SEO plugin. -->","yoast_head_json":{"title":"Bamboo Flex - Bamboo Energy","robots":{"index":"index","follow":"follow","max-snippet":"max-snippet:-1","max-image-preview":"max-image-preview:large","max-video-preview":"max-video-preview:-1"},"canonical":"https:\/\/bambooenergy.tech\/en\/bamboo-flex\/","og_locale":"en_GB","og_type":"article","og_title":"Bamboo Flex - Bamboo Energy","og_description":"Como asesor energ\u00e9tico o comercializador, puedes ofrecer productos innovadores gracias a nuestra tecnolog\u00eda.Reduce los costes energ\u00e9ticos de tus clientes sin afectar a sus procesos.","og_url":"https:\/\/bambooenergy.tech\/en\/bamboo-flex\/","og_site_name":"Bamboo Energy","article_modified_time":"2026-03-13T10:45:53+00:00","og_image":[{"width":1920,"height":925,"url":"http:\/\/bambooenergy.tech\/wp-content\/uploads\/2025\/12\/Bamboo-28042025-61-1-scaled-e1765890525518.jpg","type":"image\/jpeg"}],"twitter_card":"summary_large_image","twitter_misc":{"Estimated reading time":"1 minute"},"schema":{"@context":"https:\/\/schema.org","@graph":[{"@type":"WebPage","@id":"https:\/\/bambooenergy.tech\/bamboo-flex\/","url":"https:\/\/bambooenergy.tech\/bamboo-flex\/","name":"Bamboo Flex - Bamboo Energy","isPartOf":{"@id":"https:\/\/bambooenergy.tech\/en\/#website"},"primaryImageOfPage":{"@id":"https:\/\/bambooenergy.tech\/bamboo-flex\/#primaryimage"},"image":{"@id":"https:\/\/bambooenergy.tech\/bamboo-flex\/#primaryimage"},"thumbnailUrl":"https:\/\/bambooenergy.tech\/wp-content\/uploads\/2025\/12\/Bamboo-28042025-61-1-scaled-e1765890525518.jpg","datePublished":"2025-12-16T10:16:34+00:00","dateModified":"2026-03-13T10:45:53+00:00","breadcrumb":{"@id":"https:\/\/bambooenergy.tech\/bamboo-flex\/#breadcrumb"},"inLanguage":"en-GB","potentialAction":[{"@type":"ReadAction","target":["https:\/\/bambooenergy.tech\/bamboo-flex\/"]}]},{"@type":"ImageObject","inLanguage":"en-GB","@id":"https:\/\/bambooenergy.tech\/bamboo-flex\/#primaryimage","url":"https:\/\/bambooenergy.tech\/wp-content\/uploads\/2025\/12\/Bamboo-28042025-61-1-scaled-e1765890525518.jpg","contentUrl":"https:\/\/bambooenergy.tech\/wp-content\/uploads\/2025\/12\/Bamboo-28042025-61-1-scaled-e1765890525518.jpg","width":1920,"height":925},{"@type":"BreadcrumbList","@id":"https:\/\/bambooenergy.tech\/bamboo-flex\/#breadcrumb","itemListElement":[{"@type":"ListItem","position":1,"name":"Inici","item":"https:\/\/bambooenergy.tech\/en\/"},{"@type":"ListItem","position":2,"name":"Bamboo Flex"}]},{"@type":"WebSite","@id":"https:\/\/bambooenergy.tech\/en\/#website","url":"https:\/\/bambooenergy.tech\/en\/","name":"Bamboo Energy","description":"Empowering your flexibility","potentialAction":[{"@type":"SearchAction","target":{"@type":"EntryPoint","urlTemplate":"https:\/\/bambooenergy.tech\/en\/?s={search_term_string}"},"query-input":{"@type":"PropertyValueSpecification","valueRequired":true,"valueName":"search_term_string"}}],"inLanguage":"en-GB"}]}},"_links":{"self":[{"href":"https:\/\/bambooenergy.tech\/en\/wp-json\/wp\/v2\/pages\/17693","targetHints":{"allow":["GET"]}}],"collection":[{"href":"https:\/\/bambooenergy.tech\/en\/wp-json\/wp\/v2\/pages"}],"about":[{"href":"https:\/\/bambooenergy.tech\/en\/wp-json\/wp\/v2\/types\/page"}],"author":[{"embeddable":true,"href":"https:\/\/bambooenergy.tech\/en\/wp-json\/wp\/v2\/users\/1"}],"replies":[{"embeddable":true,"href":"https:\/\/bambooenergy.tech\/en\/wp-json\/wp\/v2\/comments?post=17693"}],"version-history":[{"count":8,"href":"https:\/\/bambooenergy.tech\/en\/wp-json\/wp\/v2\/pages\/17693\/revisions"}],"predecessor-version":[{"id":17789,"href":"https:\/\/bambooenergy.tech\/en\/wp-json\/wp\/v2\/pages\/17693\/revisions\/17789"}],"wp:featuredmedia":[{"embeddable":true,"href":"https:\/\/bambooenergy.tech\/en\/wp-json\/wp\/v2\/media\/17710"}],"wp:attachment":[{"href":"https:\/\/bambooenergy.tech\/en\/wp-json\/wp\/v2\/media?parent=17693"}],"curies":[{"name":"wp","href":"https:\/\/api.w.org\/{rel}","templated":true}]}}